{"id":374,"date":"2025-05-19T08:16:10","date_gmt":"2025-05-19T08:16:10","guid":{"rendered":"https:\/\/feuerwehr-pratteln.ch\/?page_id=374"},"modified":"2026-04-07T08:20:12","modified_gmt":"2026-04-07T08:20:12","slug":"einsaetze","status":"publish","type":"page","link":"https:\/\/feuerwehr-pratteln.ch\/?page_id=374","title":{"rendered":"Eins\u00e4tze"},"content":{"rendered":"<div class=\"brz brz-root__container brz-reset-all brz-root__container-page\">\n<section id=\"r5lw6HHmJhkQ_r5lw6HHmJhkQ\" class=\"brz-section brz-css-d-section brz-css-pry3ee\">\n<div class=\"brz-section__content brz-section--boxed brz-css-d-sectionitem-bg brz-css-ilahnk\" data-brz-custom-id=\"hzdv7mKYYQt9\">\n<div class=\"brz-container brz-css-d-sectionitem-container brz-css-1qvti3d\">\n<div class=\"brz-row__container brz-css-d-row-row brz-css-1fb4av8\" data-brz-custom-id=\"cNE0MOiVNUh5\">\n<div class=\"brz-row brz-css-d-row-container brz-css-r-row-container brz-css-1kl6vo6\">\n<div class=\"brz-columns brz-css-d-column-column brz-css-l7vknw\" data-brz-custom-id=\"qG_wh1UYfZv5\">\n<div class=\"brz-column__items brz-css-d-column-bg brz-css-1diplki\">\n<div id=\"\" class=\"brz-css-d-wrapper brz-css-xr0irx brz-wrapper\">\n<div class=\"brz-rich-text brz-rich-text__custom brz-css-d-richtext brz-css-rolvk9\" data-brz-custom-id=\"qyFlYLii2REr\">\n<div data-brz-translate-text=\"1\">\n<h2 class=\"brz-tp-lg-heading2 brz-text-xs-center brz-css-e27X1\" data-uniq-id=\"bd4kA\" data-generated-css=\"brz-css-r0dm7\">Eins\u00e4tze der Feuerwehr Pratteln<\/h2>\n<\/div>\n<\/div>\n<\/div>\n<div id=\"\" class=\"brz-css-d-wrapper brz-css-r-wrapper brz-css-ud2zbi brz-wrapper\">\n<div class=\"brz-spacer brz-css-d-spacer brz-css-1phokna\"><\/div>\n<\/div>\n<\/div>\n<\/div>\n<div class=\"brz-columns brz-css-d-column-column brz-css-zp7el8\" data-brz-custom-id=\"pg95hv74MxAf\">\n<div class=\"brz-column__items brz-css-d-column-bg brz-css-ctqee3\">\n<div id=\"\" class=\"brz-css-d-wrapper brz-css-1tjjm8i brz-wrapper\">\n<div class=\"brz-rich-text brz-rich-text__custom brz-css-d-richtext brz-css-1u1lkm9\" data-brz-custom-id=\"a8l7gMBY2Ptv\">\n<div data-brz-translate-text=\"1\">\n<p class=\"brz-tp-lg-paragraph brz-text-xs-center brz-css-p18T9\" data-generated-css=\"brz-css-pZtGT\" data-uniq-id=\"gusHC\"><span class=\"brz-cp-color7\">Im Kreisdiagramm sehen Sie die Verteilung unserer Eins\u00e4tze nach Ereignisarten \u2013 von Brandeins\u00e4tzen \u00fcber technische Hilfeleistungen bis hin zu Fehlalarmen. So erhalten Sie einen anschaulichen Einblick in unsere t\u00e4gliche Arbeit f\u00fcr die Sicherheit der Bev\u00f6lkerung<\/span><\/p>\n<\/div>\n<\/div>\n<\/div>\n<\/div>\n<\/div>\n<\/div>\n<\/div>\n<div id=\"\" class=\"brz-css-d-wrapper brz-css-12mwhko brz-wrapper\">\n<div class=\"brz-rich-text brz-rich-text__custom brz-css-d-richtext brz-css-vik5my\" data-brz-custom-id=\"xgfyAnOoME0P\">\n<div data-brz-translate-text=\"1\">\n<p class=\"brz-text-lg-center brz-ls-lg-0 brz-lh-lg-1_9 brz-vfw-lg-400 brz-fwdth-lg-100 brz-fsft-lg-0 brz-tp-lg-empty brz-ff-overpass brz-ft-google brz-fs-lg-18 brz-fss-lg-px brz-fw-lg-600 brz-css-vGeLr\" data-uniq-id=\"f2ad3\" data-generated-css=\"brz-css-fwkIw\">Eins\u00e4tze nach Ereignisart<\/p>\n<\/div>\n<\/div>\n<\/div>\n<div id=\"\" class=\"brz-css-d-wrapper brz-css-1o9mnmm brz-wrapper\">\n<div data-chart-type=\"pie\" data-items=\"%5B%7B%22label%22%3A%22Brandbek%C3%A4mpfung%22%2C%22value%22%3A%2225%22%2C%22color%22%3A%7B%22hex%22%3A%22%23b0c3e4%22%2C%22opacity%22%3A1%7D%7D%2C%7B%22label%22%3A%22BMA%20unechte%20Alarme%22%2C%22value%22%3A%2288%22%2C%22color%22%3A%7B%22hex%22%3A%22%2359b7bc%22%2C%22opacity%22%3A1%7D%7D%2C%7B%22label%22%3A%22ABC%20Ereignis%22%2C%22value%22%3A%222%22%2C%22color%22%3A%7B%22hex%22%3A%22%2377d097%22%2C%22opacity%22%3A1%7D%7D%2C%7B%22label%22%3A%22Diverse%20Eins%C3%A4tze%22%2C%22value%22%3A%2210%22%2C%22color%22%3A%7B%22hex%22%3A%22%23be7777%22%2C%22opacity%22%3A1%7D%7D%2C%7B%22label%22%3A%22Elementarereignis%22%2C%22value%22%3A%22%22%2C%22color%22%3A%7B%22hex%22%3A%22%23d4c3a1%22%2C%22opacity%22%3A1%7D%7D%2C%7B%22label%22%3A%22%C3%96lwehr%22%2C%22value%22%3A%2212%22%2C%22color%22%3A%7B%22hex%22%3A%22%23afcb8d%22%2C%22opacity%22%3A1%7D%7D%2C%7B%22label%22%3A%22PbU%22%2C%22value%22%3A%22%22%2C%22color%22%3A%7B%22hex%22%3A%22%22%2C%22opacity%22%3A1%7D%7D%2C%7B%22label%22%3A%22technische%20Hilfeleistung%22%2C%22value%22%3A%2222%22%2C%22color%22%3A%7B%22hex%22%3A%22%23dab7cd%22%2C%22opacity%22%3A1%7D%7D%5D\" data-border-color=\"rgba(255, 255, 255, 1)\" data-border-width=\"1\" class=\"brz-chart brz-css-d-chart brz-css-3kh6uc\" data-brz-custom-id=\"vX1NZ35WtNDJ\"><span data-brz-translate-text=\"1\" class=\"brz-chart_title brz-span brz-text__editor\">Total 189 Eins\u00e4tze per 04. November 2025<\/span><\/div>\n<\/div>\n<\/div>\n<\/div>\n<\/section><\/div>\n<p><!-- version:1768173646 --><\/p>\n","protected":false},"excerpt":{"rendered":"<p>Eins\u00e4tze der Feuerwehr Pratteln Im Kreisdiagramm sehen Sie die Verteilung unserer Eins\u00e4tze nach Ereignisarten \u2013 von Brandeins\u00e4tzen \u00fcber technische Hilfeleistungen bis hin zu Fehlalarmen. So erhalten Sie einen anschaulichen Einblick in unsere t\u00e4gliche Arbeit f\u00fcr die Sicherheit der Bev\u00f6lkerung Eins\u00e4tze nach Ereignisart Total 189 Eins\u00e4tze per 04. November 2025<\/p>\n","protected":false},"author":1,"featured_media":0,"parent":0,"menu_order":0,"comment_status":"closed","ping_status":"closed","template":"brizy-blank-template.php","meta":{"_themeisle_gutenberg_block_has_review":false,"footnotes":""},"class_list":["post-374","page","type-page","status-publish","hentry"],"brizy_media":[{"id":294,"url":"https:\/\/feuerwehr-pratteln.ch\/wp-content\/uploads\/2025\/05\/red_eagles_pratteln_no_bg.png","name":"red_eagles_pratteln_no_bg.png","meta":{"brizy_attachment_uid":"wp-0e4fc6990f5bc5a1325727c94c569c1b.png","brizy_post_uid":["dabe5b2caea2226d310278c779020d67","ae0cde1ecbec268f675733dd94ca5748","838d6729f0b1c21197d7be20f498d809"]}}],"_links":{"self":[{"href":"https:\/\/feuerwehr-pratteln.ch\/index.php?rest_route=\/wp\/v2\/pages\/374","targetHints":{"allow":["GET"]}}],"collection":[{"href":"https:\/\/feuerwehr-pratteln.ch\/index.php?rest_route=\/wp\/v2\/pages"}],"about":[{"href":"https:\/\/feuerwehr-pratteln.ch\/index.php?rest_route=\/wp\/v2\/types\/page"}],"author":[{"embeddable":true,"href":"https:\/\/feuerwehr-pratteln.ch\/index.php?rest_route=\/wp\/v2\/users\/1"}],"replies":[{"embeddable":true,"href":"https:\/\/feuerwehr-pratteln.ch\/index.php?rest_route=%2Fwp%2Fv2%2Fcomments&post=374"}],"version-history":[{"count":16,"href":"https:\/\/feuerwehr-pratteln.ch\/index.php?rest_route=\/wp\/v2\/pages\/374\/revisions"}],"predecessor-version":[{"id":610,"href":"https:\/\/feuerwehr-pratteln.ch\/index.php?rest_route=\/wp\/v2\/pages\/374\/revisions\/610"}],"wp:attachment":[{"href":"https:\/\/feuerwehr-pratteln.ch\/index.php?rest_route=%2Fwp%2Fv2%2Fmedia&parent=374"}],"curies":[{"name":"wp","href":"https:\/\/api.w.org\/{rel}","templated":true}]}}