{"id":277,"date":"2025-05-12T12:11:24","date_gmt":"2025-05-12T12:11:24","guid":{"rendered":"https:\/\/feuerwehr-pratteln.ch\/?page_id=277"},"modified":"2026-04-08T06:34:53","modified_gmt":"2026-04-08T06:34:53","slug":"hilfe-bei-wespen-und-hornissennestern","status":"publish","type":"page","link":"https:\/\/feuerwehr-pratteln.ch\/?page_id=277","title":{"rendered":"Hilfe bei Wespen- und Hornissennestern"},"content":{"rendered":"<div class=\"brz brz-root__container brz-reset-all brz-root__container-page\">\n<section id=\"f862ac380244736331bf_aoWDQ9dUNgD5\" class=\"brz-section brz-css-1lq7nrs brz-css-1p6b4dr\">\n<div class=\"brz-section__content brz-section--boxed brz-css-rvfkwy brz-css-1q3wz9i\" data-brz-custom-id=\"poi6mQMbqwtP\">\n<div class=\"brz-container brz-css-96ip68 brz-css-qeiwmj\">\n<div class=\"brz-row__container brz-css-10d7b8y brz-css-ddqlnn\" data-brz-custom-id=\"qR71O_HngCcL\">\n<div class=\"brz-row brz-css-1hu01pd brz-css-1dz1wis brz-css-rd25bl\">\n<div class=\"brz-columns brz-css-jr9lo2 brz-css-1zdrvy\" data-brz-custom-id=\"nSnf8HD0BJWC\">\n<div class=\"brz-column__items brz-css-raryzj brz-css-151ot83\">\n<div id=\"\" class=\"brz-css-12icmk brz-css-1dybv3d brz-wrapper\">\n<div class=\"brz-rich-text brz-rich-text__custom brz-css-cqc9gu brz-css-1vdhzxe\" data-brz-custom-id=\"yt3dQV9lmelG\">\n<div data-brz-translate-text=\"1\">\n<h1 class=\"brz-text-xs-center brz-tp-lg-heading1 brz-css-uW1F5\" data-generated-css=\"brz-css-q8NBt\" data-uniq-id=\"luZbP\"><span class=\"brz-cp-color2\">Hilfe bei Wespen- und Hornissennestern<\/span><\/h1>\n<\/div>\n<\/div>\n<\/div>\n<div class=\"brz-wrapper-clone brz-flex-xs-wrap brz-css-1hg3z96 brz-css-1df8kn8\" data-brz-custom-id=\"qIRkXKpt7DE3\"><a class=\"brz-a brz-anchor brz-btn brz-css-ml26px brz-css-29rhwt brz-css-1wazxpc brz-css-14kuy4c\" href=\"#3b0b145776cd6a1243ca_i4EBlSFbYadG\" target=\"_self\" rel=\"noopener\" data-brz-link-type=\"anchor\" data-brz-custom-id=\"fnK0n2ylPtlg\"><span data-brz-translate-text=\"1\" class=\"brz-span brz-text__editor\">Kontakt<\/span><\/a><\/div>\n<div id=\"\" class=\"brz-css-12icmk brz-css-12iokib brz-wrapper\">\n<div class=\"brz-image brz-css-31hinj brz-css-1d8de8l\" data-brz-custom-id=\"iKP8fidfmX41\"><img decoding=\"async\" class=\"brz-img\" src=\"https:\/\/feuerwehr-pratteln.ch\/wp-content\/uploads\/2025\/08\/closeup-shot-bees-paper-wasp-nest-scaled.jpg\" alt=\"\" title=\"Closeup shot of bees on paper wasp nest\" loading=\"lazy\"><\/div>\n<\/div>\n<div id=\"\" class=\"brz-css-12icmk brz-css-qe05r1 brz-wrapper\">\n<div class=\"brz-rich-text brz-rich-text__custom brz-css-cqc9gu brz-css-a6d930\" data-brz-custom-id=\"hpM_iJbBxza2\">\n<div data-brz-translate-text=\"1\">\n<p data-uniq-id=\"g2VMv\" data-generated-css=\"brz-css-oFJQ0\" class=\"brz-tp-lg-empty brz-ff-overpass brz-ft-google brz-fs-lg-10 brz-fss-lg-px brz-fw-lg-400 brz-ls-lg-0 brz-lh-lg-1_9 brz-vfw-lg-400 brz-fwdth-lg-100 brz-fsft-lg-0 brz-mt-lg-0 brz-css-odGo0\"><span class=\"brz-cp-color7\">Picture by <\/span><a class=\"brz-cp-color7 link--external\" href=\"http:\/\/www.freepik.com\/\" data-brz-link-type=\"external\">Freepik<\/a><\/p>\n<\/div>\n<\/div>\n<\/div>\n<\/div>\n<\/div>\n<div class=\"brz-columns brz-css-jr9lo2 brz-css-1xyvs3z\" data-brz-custom-id=\"hwtRFnbA3qZB\">\n<div class=\"brz-column__items brz-css-raryzj brz-css-bt04n2\">\n<div id=\"\" class=\"brz-css-12icmk brz-css-b0jwz8 brz-wrapper\">\n<div class=\"brz-rich-text brz-rich-text__custom brz-css-cqc9gu brz-css-babfzc\" data-brz-custom-id=\"hCW8EsVtvSsi\">\n<div data-brz-translate-text=\"1\">\n<p class=\"brz-tp-lg-paragraph brz-text-xs-center brz-css-lQjXW\" data-generated-css=\"brz-css-zuumG\" data-uniq-id=\"njyjS\"><span class=\"brz-cp-color7\">Vom Fr\u00fchjahr bis Sp\u00e4tsommer und bis in den Herbst hinein k\u00f6nnen umherfliegende Wespen, Hornissen und auch Bienen von uns Menschen als \u00c4rgernis empfunden werden. Nicht in jedem Fall ist eine Bek\u00e4mpfung der Tiere n\u00f6tig oder angebracht. Grunds\u00e4tzlich haben alle Insekten eine Aufgabe in der Natur und sind wichtiger Bestandteil unseres \u00d6kosystems. So sind nicht nur Bienen, sondern auch Wespen und Hornissen f\u00fcr unsere Natur von grosser Bedeutung. Nur Nester von Wespen und Hornissen, welche Menschen gef\u00e4hrden k\u00f6nnen, sollten daher unsch\u00e4dlich gemacht werden. Die Feuerwehr Pratteln bek\u00e4mpft im Bedarfsfall Wespen- und Hornissennester.<\/span><\/p>\n<p class=\"brz-tp-lg-paragraph brz-text-xs-center brz-css-rECzy\" data-generated-css=\"brz-css-k9uFK\" data-uniq-id=\"rVPVv\"><span class=\"brz-cp-color7\"> <\/span><\/p>\n<p class=\"brz-tp-lg-paragraph brz-text-xs-center brz-css-dyguI\" data-generated-css=\"brz-css-k9uFK\" data-uniq-id=\"rVPVv\"><span class=\"brz-cp-color7\">Wenn Sie Hilfe oder Beratung im Umgang mit Bienen-, Wespen- oder Hornissennestern brauchen oder ein st\u00f6rendes Wespen- oder Hornissennest haben, wenden Sie sich werktags an den Technischen Mitarbeiter der Feuerwehr Pratteln unter 079 103 70 91.<\/span><\/p>\n<p class=\"brz-tp-lg-paragraph brz-text-xs-center brz-css-jUjKw\" data-generated-css=\"brz-css-uQV0m\" data-uniq-id=\"yzqko\"><span class=\"brz-cp-color7\"> <\/span><\/p>\n<p class=\"brz-tp-lg-paragraph brz-text-xs-center brz-css-inKig\" data-generated-css=\"brz-css-uQV0m\" data-uniq-id=\"yzqko\"><span class=\"brz-cp-color7\">Ausgeflogene Bienenschw\u00e4rme k\u00f6nnen Sie ebenfalls der Feuerwehr oder direkt einem Imker melden. Diese sind besorgt, dass die Bienen wieder ein Zuhause erhalten.<\/span><\/p>\n<\/div>\n<\/div>\n<\/div>\n<\/div>\n<\/div>\n<\/div>\n<\/div>\n<\/div>\n<\/div>\n<\/section>\n<section id=\"abcd86fdf75ff0d781ab_lv5SjeRcUYap\" class=\"brz-section brz-css-czq734 brz-css-1o1xn8d\">\n<div class=\"brz-section__content brz-section--boxed brz-css-79v9gw brz-css-upqqu5\" data-brz-custom-id=\"zRjxB092LKf_\">\n<div class=\"brz-bg\">\n<div class=\"brz-bg-color\"><\/div>\n<\/div>\n<div class=\"brz-container brz-css-5oj0z0 brz-css-1b23vyh\">\n<div id=\"\" class=\"brz-css-gc6tjk brz-css-byi7bj brz-wrapper\">\n<div class=\"brz-accordion brz-css-1nwhwek brz-css-1vppawf\" data-brz-duration=\"300\" data-brz-custom-id=\"y_JVTWZx5peN\">\n<div class=\"brz-accordion__item brz-accordion__item--active\">\n<div class=\"brz-accordion__nav\" data-brz-collapsible=\"on\"><span data-brz-translate-text=\"1\" class=\"brz-accordion__nav-title brz-span brz-text__editor\">Die Asiatische Hornisse<\/span><\/div>\n<div class=\"brz-accordion__content brz-d-xs-flex brz-flex-xs-column\">\n<div class=\"brz-accordion__item-content brz-d-xs-flex brz-flex-xs-column\">\n<div id=\"\" class=\"brz-css-gc6tjk brz-css-15vi8q brz-wrapper\">\n<div class=\"brz-rich-text brz-rich-text__custom brz-css-147v5ti brz-css-1ute7ui\" data-brz-custom-id=\"vVF4YsleOkZS\">\n<div data-brz-translate-text=\"1\">\n<p class=\"brz-tp-lg-paragraph brz-css-gu9ol\" data-generated-css=\"brz-css-wyhbV\" data-uniq-id=\"wYHQP\"><span class=\"brz-cp-color7\">Asiatische Hornissen sind eine eingewanderte Spezies und m\u00fcssen unbedingt von Fachpersonal bek\u00e4mpft werden, da sie f\u00fcr die einheimische Flora und Fauna eine grosse Bedrohung darstellen. Funde sind dem Amt f\u00fcr Umweltschutz und Energie des Kantons Basellandschaft zu melden.<\/span><\/p>\n<\/div>\n<\/div>\n<\/div>\n<\/div>\n<\/div>\n<\/div>\n<\/div>\n<\/div>\n<\/div>\n<\/div>\n<\/section><\/div>\n<p><!-- version:1755007277 --><\/p>\n","protected":false},"excerpt":{"rendered":"<p>Hilfe bei Wespen- und Hornissennestern Kontakt Picture by Freepik Vom Fr\u00fchjahr bis Sp\u00e4tsommer und bis in den Herbst hinein k\u00f6nnen umherfliegende Wespen, Hornissen und auch Bienen von uns Menschen als \u00c4rgernis empfunden werden. Nicht in jedem Fall ist eine Bek\u00e4mpfung der Tiere n\u00f6tig oder angebracht. Grunds\u00e4tzlich haben alle Insekten eine Aufgabe in der Natur und [&hellip;]<\/p>\n","protected":false},"author":1,"featured_media":0,"parent":0,"menu_order":0,"comment_status":"closed","ping_status":"closed","template":"brizy-blank-template.php","meta":{"_themeisle_gutenberg_block_has_review":false,"footnotes":""},"class_list":["post-277","page","type-page","status-publish","hentry"],"brizy_media":[{"id":541,"url":"https:\/\/feuerwehr-pratteln.ch\/wp-content\/uploads\/2025\/08\/closeup-shot-bees-paper-wasp-nest-scaled.jpg","name":"closeup-shot-bees-paper-wasp-nest.jpg","meta":{"brizy_attachment_uid":"wp-95058ad7c38671f7872092db253e468d.jpg","brizy_post_uid":["7d905ed01604ed78ba9cc37d90f95c79"]}}],"_links":{"self":[{"href":"https:\/\/feuerwehr-pratteln.ch\/index.php?rest_route=\/wp\/v2\/pages\/277","targetHints":{"allow":["GET"]}}],"collection":[{"href":"https:\/\/feuerwehr-pratteln.ch\/index.php?rest_route=\/wp\/v2\/pages"}],"about":[{"href":"https:\/\/feuerwehr-pratteln.ch\/index.php?rest_route=\/wp\/v2\/types\/page"}],"author":[{"embeddable":true,"href":"https:\/\/feuerwehr-pratteln.ch\/index.php?rest_route=\/wp\/v2\/users\/1"}],"replies":[{"embeddable":true,"href":"https:\/\/feuerwehr-pratteln.ch\/index.php?rest_route=%2Fwp%2Fv2%2Fcomments&post=277"}],"version-history":[{"count":9,"href":"https:\/\/feuerwehr-pratteln.ch\/index.php?rest_route=\/wp\/v2\/pages\/277\/revisions"}],"predecessor-version":[{"id":549,"href":"https:\/\/feuerwehr-pratteln.ch\/index.php?rest_route=\/wp\/v2\/pages\/277\/revisions\/549"}],"wp:attachment":[{"href":"https:\/\/feuerwehr-pratteln.ch\/index.php?rest_route=%2Fwp%2Fv2%2Fmedia&parent=277"}],"curies":[{"name":"wp","href":"https:\/\/api.w.org\/{rel}","templated":true}]}}